{"id":18,"date":"2023-10-29T22:03:55","date_gmt":"2023-10-29T21:03:55","guid":{"rendered":"https:\/\/wolfgang-schwabe.de\/?page_id=18"},"modified":"2025-07-01T01:11:38","modified_gmt":"2025-06-30T23:11:38","slug":"tee","status":"publish","type":"page","link":"https:\/\/wolfgang-schwabe.de\/index.php\/tee\/","title":{"rendered":"\u7384\u660e XuanMing Teekunst &amp; Musik"},"content":{"rendered":"\n<p>XuanMing Teekunst &amp;Musik kombiniert erlesenen taiwanesischen Tee mit ostasiatischer Musik.<\/p>\n\n\n\n<p class=\"has-text-align-center\"><strong>VERANSTALTUNG IM JULI<\/strong><\/p>\n\n\n\n<p class=\"has-text-align-center\"><strong>Fr\u00fchlingstee aus Taiwan Teeverkostung<\/strong> 11.07.2025, 10.00-11.30, PilatesLab, Choriner Stra\u00dfe 31, 10435 Berlin<\/p>\n\n\n\n<p>Bei meiner letzten Reise im April diesen Jahres in Taiwan besuchte ich verschiedene Teebauern. Von den drei\u00dfig Tees, die ich dort erstand, w\u00e4hlen wir f\u00fcr das Pilateslab drei Tees aus drei Anbaugebieten aus, die einen Eindruck von der Vielfalt taiwanesischer Tees geben! Alle drei Tees sind schwach oxidierte \u201egr\u00fcne\u201c Tees. Aus dem Huagang Anbaugebiet des Lishan (Birnengebirges) servieren wir einen Ende April handgepf\u00fcckten Qingxin Oolong Tee. Das Anbaugebiet auf dem Alishan ist vertreten mit einem Jinxuan Oolong (Milky Oolong) Tee. Diese zwei Tees werden erg\u00e4nzt durch einen Baozhong \u201eGr\u00fcne Jadetee\u201c Tee aus Pinglin in Nordtaiwan.<\/p>\n\n\n\n<p>Serviert wird der Tee in der traditionellen Gong Fu Cha weise von Lilia &amp; mir bei sch\u00f6nem Wetter im Garten von Pilateslab Berlin, sonst im gem\u00fctlichen Studio Pilateslab-Berlin.<\/p>\n\n\n\n<p>Unkostenbeitrag 10-15 Euro nach eigenem Ermessen<\/p>\n\n\n\n<p>Weitere Informationen unter  https:\/\/liliakeller.de\/teekunstundmusik\/<\/p>\n","protected":false},"excerpt":{"rendered":"<p>XuanMing Teekunst &amp;Musik kombiniert erlesenen taiwanesischen Tee mit ostasiatischer Musik. VERANSTALTUNG IM JULI Fr\u00fchlingstee aus Taiwan Teeverkostung 11.07.2025, 10.00-11.30, PilatesLab, Choriner Stra\u00dfe 31, 10435 Berlin Bei meiner letzten Reise im April diesen Jahres in Taiwan besuchte ich verschiedene Teebauern. Von den drei\u00dfig Tees, die ich dort erstand, w\u00e4hlen wir f\u00fcr das Pilateslab drei Tees aus [&hellip;]<\/p>\n","protected":false},"author":1,"featured_media":0,"parent":0,"menu_order":0,"comment_status":"closed","ping_status":"closed","template":"wp-custom-template-tee","meta":{"footnotes":""},"class_list":["post-18","page","type-page","status-publish","hentry"],"aioseo_notices":[],"_links":{"self":[{"href":"https:\/\/wolfgang-schwabe.de\/index.php\/wp-json\/wp\/v2\/pages\/18","targetHints":{"allow":["GET"]}}],"collection":[{"href":"https:\/\/wolfgang-schwabe.de\/index.php\/wp-json\/wp\/v2\/pages"}],"about":[{"href":"https:\/\/wolfgang-schwabe.de\/index.php\/wp-json\/wp\/v2\/types\/page"}],"author":[{"embeddable":true,"href":"https:\/\/wolfgang-schwabe.de\/index.php\/wp-json\/wp\/v2\/users\/1"}],"replies":[{"embeddable":true,"href":"https:\/\/wolfgang-schwabe.de\/index.php\/wp-json\/wp\/v2\/comments?post=18"}],"version-history":[{"count":24,"href":"https:\/\/wolfgang-schwabe.de\/index.php\/wp-json\/wp\/v2\/pages\/18\/revisions"}],"predecessor-version":[{"id":654,"href":"https:\/\/wolfgang-schwabe.de\/index.php\/wp-json\/wp\/v2\/pages\/18\/revisions\/654"}],"wp:attachment":[{"href":"https:\/\/wolfgang-schwabe.de\/index.php\/wp-json\/wp\/v2\/media?parent=18"}],"curies":[{"name":"wp","href":"https:\/\/api.w.org\/{rel}","templated":true}]}}